{"id":250,"date":"2024-01-16T10:48:45","date_gmt":"2024-01-16T09:48:45","guid":{"rendered":"http:\/\/test.empiriakk.pl\/index.php\/projekty-organizacji-ruchu\/"},"modified":"2024-01-16T10:48:47","modified_gmt":"2024-01-16T09:48:47","slug":"projekty-organizacji-ruchu","status":"publish","type":"page","link":"https:\/\/www.empiriakk.pl\/index.php\/projekty-organizacji-ruchu\/","title":{"rendered":"Projekty organizacji ruchu"},"content":{"rendered":"\n  \n    <section class=\"u-black u-clearfix u-section-1\" id=\"sec-928d\">\n      <div class=\"u-clearfix u-sheet u-sheet-1\">\n        <h3 class=\"u-text u-text-1\"> Projekty organizacji ruchu<\/h3>\n        <p class=\"u-text u-text-2\">\n          <span class=\"u-text-custom-color-1\"><b>Projekty organizacji ruchu<\/b>\n          <\/span>&nbsp;<br>&nbsp;Zajmujemy si\u0119 przygotowywaniem i uzgadnianiem projekt\u00f3w\ndocelowej jak i zast\u0119pczej organizacji ruchu drogowego. Posiadamy do\u015bwiadczenie\nw przygotowywaniu organizacji ruchu dla dr\u00f3g krajowych (w tym ekspresowych) jak\ni ulic w miastach (w tym miastach na prawach powiatu). Sporz\u0105dzamy r\u00f3wnie\u017c\nprojekty oznakowania na parkingach, na drogach wewn\u0119trznych czy na terenach\nobj\u0119tych stref\u0105 ruchu \u2013 np. terenach wsp\u00f3lnot mieszkaniowych czy sp\u00f3\u0142dzielni\nmieszkaniowych.&nbsp;<br>\n          <br>\n          <span class=\"u-text-custom-color-1\"><b>Sta\u0142a organizacja ruchu<\/b>\n          <\/span>&nbsp;<br>&nbsp;Projekty sta\u0142ej organizacji ruchu (docelowej) s\u0105 nieod\u0142\u0105cznym\nelementem projektowania dr\u00f3g. Zajmujemy si\u0119 kompleksowym przygotowywaniem tego\ntypu projekt\u00f3w \u2013 od koncepcji a\u017c po zatwierdzenie przy jednoczesnej wsp\u00f3\u0142pracy\nz projektantami bran\u017cowymi. Zajmujemy si\u0119 r\u00f3wnie\u017c opracowywaniem program\u00f3w\nsygnalizacji \u015bwietlnej.<br>\n          <br><b>\n            <span class=\"u-text-custom-color-1\">Czasowa organizacja ruchu<\/span><\/b>\n          <span class=\"u-text-custom-color-1\">&nbsp;<\/span>\n          <br>&nbsp;W przypadku konieczno\u015bci prowadzenia rob\u00f3t w pasie drogowym\nopracowujemy i uzgadniamy projekty czasowego oznakowania dostosowuj\u0105c si\u0119 do\npotrzeb Inwestora. Przygotowujemy etapowanie rob\u00f3t uwzgl\u0119dniaj\u0105c technologie\nrob\u00f3t, ruch drogowy oraz wymagania zarz\u0105dcy drogi\/ruchu.\n        <\/p>\n      <\/div>\n    <\/section>\n    \n    \n    \n    \n  \n","protected":false},"excerpt":{"rendered":"<p>Projekty organizacji ruchu Projekty organizacji ruchu &nbsp;&nbsp;Zajmujemy si\u0119 przygotowywaniem i uzgadnianiem projekt\u00f3w docelowej jak i zast\u0119pczej organizacji ruchu drogowego. Posiadamy do\u015bwiadczenie w przygotowywaniu organizacji ruchu dla dr\u00f3g krajowych (w tym ekspresowych) jak i ulic w miastach (w tym miastach na prawach powiatu). Sporz\u0105dzamy r\u00f3wnie\u017c projekty oznakowania na parkingach, na drogach wewn\u0119trznych czy na terenach obj\u0119tych &hellip; <a href=\"https:\/\/www.empiriakk.pl\/index.php\/projekty-organizacji-ruchu\/\" class=\"more-link\">Continue reading<span class=\"screen-reader-text\"> &#8222;Projekty organizacji ruchu&#8221;<\/span><\/a><\/p>\n","protected":false},"author":3,"featured_media":0,"parent":0,"menu_order":10,"comment_status":"closed","ping_status":"closed","template":"","meta":{"om_disable_all_campaigns":false,"_monsterinsights_skip_tracking":false,"_monsterinsights_sitenote_active":false,"_monsterinsights_sitenote_note":"","_monsterinsights_sitenote_category":0,"footnotes":""},"class_list":["post-250","page","type-page","status-publish","hentry"],"aioseo_notices":[],"_links":{"self":[{"href":"https:\/\/www.empiriakk.pl\/index.php\/wp-json\/wp\/v2\/pages\/250","targetHints":{"allow":["GET"]}}],"collection":[{"href":"https:\/\/www.empiriakk.pl\/index.php\/wp-json\/wp\/v2\/pages"}],"about":[{"href":"https:\/\/www.empiriakk.pl\/index.php\/wp-json\/wp\/v2\/types\/page"}],"author":[{"embeddable":true,"href":"https:\/\/www.empiriakk.pl\/index.php\/wp-json\/wp\/v2\/users\/3"}],"replies":[{"embeddable":true,"href":"https:\/\/www.empiriakk.pl\/index.php\/wp-json\/wp\/v2\/comments?post=250"}],"version-history":[{"count":1,"href":"https:\/\/www.empiriakk.pl\/index.php\/wp-json\/wp\/v2\/pages\/250\/revisions"}],"predecessor-version":[{"id":267,"href":"https:\/\/www.empiriakk.pl\/index.php\/wp-json\/wp\/v2\/pages\/250\/revisions\/267"}],"wp:attachment":[{"href":"https:\/\/www.empiriakk.pl\/index.php\/wp-json\/wp\/v2\/media?parent=250"}],"curies":[{"name":"wp","href":"https:\/\/api.w.org\/{rel}","templated":true}]}}